{"id":12,"date":"2024-07-15T01:15:47","date_gmt":"2024-07-15T01:15:47","guid":{"rendered":"https:\/\/pyrogruppa.no\/index.php\/faq\/"},"modified":"2025-11-12T22:54:41","modified_gmt":"2025-11-12T22:54:41","slug":"faq","status":"publish","type":"page","link":"https:\/\/pyrogruppa.no\/index.php\/faq\/","title":{"rendered":"Ofte stilte sp\u00f8rsm\u00e5l"},"content":{"rendered":"\n<p><\/p>\n\n\n<div class=\"wp-block-ub-content-toggle\" id=\"ub-content-toggle-a7aaff3a-4e99-441d-81e3-3b5fc3620646\" data-mobilecollapse=\"false\" data-desktopcollapse=\"true\">\n<div class=\"wp-block-ub-content-toggle-accordion\" id=\"ub-content-toggle-panel-block-6d3410b6-537f-4686-97e9-7e048e0ef105\">\n                <div class=\"wp-block-ub-content-toggle-accordion-title-wrap\"\" aria-controls=\"ub-content-toggle-panel-0-a7aaff3a-4e99-441d-81e3-3b5fc3620646\" tabindex=\"0\">\n                    <p class=\"wp-block-ub-content-toggle-accordion-title ub-content-toggle-title-a7aaff3a-4e99-441d-81e3-3b5fc3620646\">Hvor mye koster et fyrverkeri?<\/p><div class=\"wp-block-ub-content-toggle-accordion-toggle-wrap right\"><span class=\"wp-block-ub-content-toggle-accordion-state-indicator wp-block-ub-math-plus\"><\/span>\n                    <\/div><\/div><div role=\"region\" aria-expanded=\"false\" class=\"wp-block-ub-content-toggle-accordion-content-wrap ub-hide\" id=\"ub-content-toggle-panel-0-a7aaff3a-4e99-441d-81e3-3b5fc3620646\">\n\n<p class=\"has-custom-lysegr-background-color has-background\">Det koster minst 20 000 kroner. For denne prisen smeller det godt, men om \u00f8nskelig kan fyrverkeriet skaleres opp, og da ogs\u00e5 prisen.<\/p>\n\n<\/div><\/div>\n\n<div class=\"wp-block-ub-content-toggle-accordion\" id=\"ub-content-toggle-panel-block-3b3cccc4-18c4-4fc8-9133-175055f1678d\">\n                <div class=\"wp-block-ub-content-toggle-accordion-title-wrap\"\" aria-controls=\"ub-content-toggle-panel-1-a7aaff3a-4e99-441d-81e3-3b5fc3620646\" tabindex=\"0\">\n                    <p class=\"wp-block-ub-content-toggle-accordion-title ub-content-toggle-title-a7aaff3a-4e99-441d-81e3-3b5fc3620646\">Hvor lang tid i forkant av arrangementet m\u00e5 jeg ta kontakt for \u00e5 f\u00e5 til et fyrverkeri?<\/p><div class=\"wp-block-ub-content-toggle-accordion-toggle-wrap right\"><span class=\"wp-block-ub-content-toggle-accordion-state-indicator wp-block-ub-math-plus\"><\/span>\n                    <\/div><\/div><div role=\"region\" aria-expanded=\"false\" class=\"wp-block-ub-content-toggle-accordion-content-wrap ub-hide\" id=\"ub-content-toggle-panel-1-a7aaff3a-4e99-441d-81e3-3b5fc3620646\">\n\n<p class=\"has-custom-lysegr-background-color has-background\">S\u00f8knadsinstansene har lang ventetid, og vi m\u00e5 ha minimum 6 uker for \u00e5 kunne garantere at vi f\u00e5r svar p\u00e5 s\u00f8knadene i tide for \u00e5 skyte fyrverkeri p\u00e5 arrangementet. Om det er kortere tid til arrangementet s\u00e5 send oss gjerne en mail allikevel, s\u00e5 kan vi se hva vi f\u00e5r til.<\/p>\n\n\n\n<p><\/p>\n\n<\/div><\/div>\n\n<div class=\"wp-block-ub-content-toggle-accordion\" id=\"ub-content-toggle-panel-block-9844a099-4096-49ee-9f6e-ef427f0c8967\">\n                <div class=\"wp-block-ub-content-toggle-accordion-title-wrap\"\" aria-controls=\"ub-content-toggle-panel-2-a7aaff3a-4e99-441d-81e3-3b5fc3620646\" tabindex=\"0\">\n                    <p class=\"wp-block-ub-content-toggle-accordion-title ub-content-toggle-title-a7aaff3a-4e99-441d-81e3-3b5fc3620646\">Hva slags omr\u00e5der er egnet til \u00e5 skyte fyrverkeri?<\/p><div class=\"wp-block-ub-content-toggle-accordion-toggle-wrap right\"><span class=\"wp-block-ub-content-toggle-accordion-state-indicator wp-block-ub-math-plus\"><\/span>\n                    <\/div><\/div><div role=\"region\" aria-expanded=\"false\" class=\"wp-block-ub-content-toggle-accordion-content-wrap ub-hide\" id=\"ub-content-toggle-panel-2-a7aaff3a-4e99-441d-81e3-3b5fc3620646\">\n\n<p class=\"has-custom-lysegr-background-color has-background\">Det n\u00f8dvendige omr\u00e5det er avhengig av st\u00f8rrelse p\u00e5 fyrverkeriet. Ta gjerne kontakt for \u00e5 diskutere mulige omr\u00e5der i n\u00e6rheten av arrangementet!<\/p>\n\n\n\n<p><\/p>\n\n<\/div><\/div>\n\n<div class=\"wp-block-ub-content-toggle-accordion\" id=\"ub-content-toggle-panel-block-acefd1a7-ceba-4039-960f-ff0e33d9a895\">\n                <div class=\"wp-block-ub-content-toggle-accordion-title-wrap\"\" aria-controls=\"ub-content-toggle-panel-3-a7aaff3a-4e99-441d-81e3-3b5fc3620646\" tabindex=\"0\">\n                    <p class=\"wp-block-ub-content-toggle-accordion-title ub-content-toggle-title-a7aaff3a-4e99-441d-81e3-3b5fc3620646\">N\u00e5r og hvor kan dere skyte fyrverkeri?<\/p><div class=\"wp-block-ub-content-toggle-accordion-toggle-wrap right\"><span class=\"wp-block-ub-content-toggle-accordion-state-indicator wp-block-ub-math-plus\"><\/span>\n                    <\/div><\/div><div role=\"region\" aria-expanded=\"false\" class=\"wp-block-ub-content-toggle-accordion-content-wrap ub-hide\" id=\"ub-content-toggle-panel-3-a7aaff3a-4e99-441d-81e3-3b5fc3620646\">\n\n<p class=\"has-custom-lysegr-background-color has-background\">Samtlige medlemmer i Pyrogruppen er studenter ved NTNU Trondheim, vi tar derfor i hovedsak bare p\u00e5 oss oppdrag i Trondheimsomr\u00e5det. Vi har likevel en del kontakter i resten av landet, s\u00e5 om du er et annet sted, gjerne send en mail og sp\u00f8r.<\/p>\n\n\n\n<p class=\"has-custom-lysegr-background-color has-background\">Fyrverkeri kan skytes nesten alle dager, men s\u00f8knadene m\u00e5 godkjennes for \u00e5 skyte. Det er vanskelig \u00e5 f\u00e5 godkjent s\u00f8knader for \u00e5 skyte etter 22:00 p\u00e5 hverdager, og 23:00 i helger.<\/p>\n\n\n\n<p><\/p>\n\n<\/div><\/div>\n\n<div class=\"wp-block-ub-content-toggle-accordion\" id=\"ub-content-toggle-panel-block-f801b8c2-b2a1-40c2-be38-b79e5cb179a5\">\n                <div class=\"wp-block-ub-content-toggle-accordion-title-wrap\"\" aria-controls=\"ub-content-toggle-panel-4-a7aaff3a-4e99-441d-81e3-3b5fc3620646\" tabindex=\"0\">\n                    <p class=\"wp-block-ub-content-toggle-accordion-title ub-content-toggle-title-a7aaff3a-4e99-441d-81e3-3b5fc3620646\">Hva slags formaliteter m\u00e5 til for \u00e5 skyte et fyrverkeri? <\/p><div class=\"wp-block-ub-content-toggle-accordion-toggle-wrap right\"><span class=\"wp-block-ub-content-toggle-accordion-state-indicator wp-block-ub-math-plus\"><\/span>\n                    <\/div><\/div><div role=\"region\" aria-expanded=\"false\" class=\"wp-block-ub-content-toggle-accordion-content-wrap ub-hide\" id=\"ub-content-toggle-panel-4-a7aaff3a-4e99-441d-81e3-3b5fc3620646\">\n\n<p class=\"has-custom-lysegr-background-color has-background\">For \u00e5 skyte fyrverkeri m\u00e5 man ha tillatelse fra Politi, Brannvesen og Grunneier. N\u00e5r du kj\u00f8per fyrverkeri fra oss sender vi inn alle n\u00f8dvendige s\u00f8knader. Det er derfor som oppdragsgiver omtrent bare \u00e5 m\u00f8te opp og nyte showet!<\/p>\n\n\n\n<p><\/p>\n\n<\/div><\/div>\n\n<div class=\"wp-block-ub-content-toggle-accordion\" id=\"ub-content-toggle-panel-block-c4c03513-4084-442c-b933-71d781a33dfd\">\n                <div class=\"wp-block-ub-content-toggle-accordion-title-wrap\"\" aria-controls=\"ub-content-toggle-panel-5-a7aaff3a-4e99-441d-81e3-3b5fc3620646\" tabindex=\"0\">\n                    <p class=\"wp-block-ub-content-toggle-accordion-title ub-content-toggle-title-a7aaff3a-4e99-441d-81e3-3b5fc3620646\">Hvordan kan jeg bli medlem av Pyrogruppen Eksplosiv? <\/p><div class=\"wp-block-ub-content-toggle-accordion-toggle-wrap right\"><span class=\"wp-block-ub-content-toggle-accordion-state-indicator wp-block-ub-math-plus\"><\/span>\n                    <\/div><\/div><div role=\"region\" aria-expanded=\"false\" class=\"wp-block-ub-content-toggle-accordion-content-wrap ub-hide\" id=\"ub-content-toggle-panel-5-a7aaff3a-4e99-441d-81e3-3b5fc3620646\">\n\n<p class=\"has-custom-lysegr-background-color has-background\">Vi tar kun opp studenter fra f\u00f8rste klasse i studieprogrammet Industriell Kjemi, Materialer og Bioteknologi, MTKMB, p\u00e5 NTNU. Opptak skjer i starten av h\u00f8stsemesteret med en s\u00f8knads- og intervjurunde.<\/p>\n\n\n\n<p><\/p>\n\n<\/div><\/div>\n<\/div>","protected":false},"excerpt":{"rendered":"","protected":false},"author":1,"featured_media":0,"parent":0,"menu_order":0,"comment_status":"closed","ping_status":"closed","template":"","meta":{"ub_ctt_via":"","footnotes":""},"class_list":["post-12","page","type-page","status-publish","hentry"],"featured_image_src":null,"_links":{"self":[{"href":"https:\/\/pyrogruppa.no\/index.php\/wp-json\/wp\/v2\/pages\/12","targetHints":{"allow":["GET"]}}],"collection":[{"href":"https:\/\/pyrogruppa.no\/index.php\/wp-json\/wp\/v2\/pages"}],"about":[{"href":"https:\/\/pyrogruppa.no\/index.php\/wp-json\/wp\/v2\/types\/page"}],"author":[{"embeddable":true,"href":"https:\/\/pyrogruppa.no\/index.php\/wp-json\/wp\/v2\/users\/1"}],"replies":[{"embeddable":true,"href":"https:\/\/pyrogruppa.no\/index.php\/wp-json\/wp\/v2\/comments?post=12"}],"version-history":[{"count":16,"href":"https:\/\/pyrogruppa.no\/index.php\/wp-json\/wp\/v2\/pages\/12\/revisions"}],"predecessor-version":[{"id":116,"href":"https:\/\/pyrogruppa.no\/index.php\/wp-json\/wp\/v2\/pages\/12\/revisions\/116"}],"wp:attachment":[{"href":"https:\/\/pyrogruppa.no\/index.php\/wp-json\/wp\/v2\/media?parent=12"}],"curies":[{"name":"wp","href":"https:\/\/api.w.org\/{rel}","templated":true}]}}