{"id":9,"date":"2024-07-15T01:15:47","date_gmt":"2024-07-15T01:15:47","guid":{"rendered":"https:\/\/pyrogruppa.no\/index.php\/om-oss\/"},"modified":"2024-07-18T02:25:42","modified_gmt":"2024-07-18T02:25:42","slug":"om-oss","status":"publish","type":"page","link":"https:\/\/pyrogruppa.no\/index.php\/om-oss\/","title":{"rendered":"Om oss"},"content":{"rendered":"\n<p class=\"has-base-color has-custom-lysegr-background-color has-text-color has-background has-link-color wp-elements-b1b38593d9053e1367c8b1232e2b43c9\">Pyrogruppen Eksplosiv er en studentgruppe for fyrverkeri og pyroteknikk ved NTNU, Trondheim. Vi er en non-profit gruppe som er sertifiserte i bruk og h\u00e5ndtering av klasse IV fyverkeri og tilbyr det meste innen fyrverkerishow og pyroteknikk i Trondheimsomr\u00e5det til en sv\u00e6rt konkurransedyktig pris. Vi gj\u00f8r pyroteknikk for b\u00e5de bedrifter og private, b\u00e5de fyrverkerishow, flammebl\u00e5sing og andre effekter til akkurat ditt arrangement.<\/p>\n","protected":false},"excerpt":{"rendered":"<p>Pyrogruppen Eksplosiv er en studentgruppe for fyrverkeri og pyroteknikk ved NTNU, Trondheim. Vi er en non-profit gruppe som er sertifiserte i bruk og h\u00e5ndtering av klasse IV fyverkeri og tilbyr det meste innen fyrverkerishow og pyroteknikk i Trondheimsomr\u00e5det til en sv\u00e6rt konkurransedyktig pris. Vi gj\u00f8r pyroteknikk for b\u00e5de bedrifter og private, b\u00e5de fyrverkerishow, flammebl\u00e5sing og [&hellip;]<\/p>\n","protected":false},"author":1,"featured_media":0,"parent":0,"menu_order":0,"comment_status":"closed","ping_status":"closed","template":"","meta":{"ub_ctt_via":"","footnotes":""},"class_list":["post-9","page","type-page","status-publish","hentry"],"featured_image_src":null,"_links":{"self":[{"href":"https:\/\/pyrogruppa.no\/index.php\/wp-json\/wp\/v2\/pages\/9","targetHints":{"allow":["GET"]}}],"collection":[{"href":"https:\/\/pyrogruppa.no\/index.php\/wp-json\/wp\/v2\/pages"}],"about":[{"href":"https:\/\/pyrogruppa.no\/index.php\/wp-json\/wp\/v2\/types\/page"}],"author":[{"embeddable":true,"href":"https:\/\/pyrogruppa.no\/index.php\/wp-json\/wp\/v2\/users\/1"}],"replies":[{"embeddable":true,"href":"https:\/\/pyrogruppa.no\/index.php\/wp-json\/wp\/v2\/comments?post=9"}],"version-history":[{"count":2,"href":"https:\/\/pyrogruppa.no\/index.php\/wp-json\/wp\/v2\/pages\/9\/revisions"}],"predecessor-version":[{"id":74,"href":"https:\/\/pyrogruppa.no\/index.php\/wp-json\/wp\/v2\/pages\/9\/revisions\/74"}],"wp:attachment":[{"href":"https:\/\/pyrogruppa.no\/index.php\/wp-json\/wp\/v2\/media?parent=9"}],"curies":[{"name":"wp","href":"https:\/\/api.w.org\/{rel}","templated":true}]}}